{"id":112,"date":"2011-12-01T19:07:11","date_gmt":"2011-12-01T19:07:11","guid":{"rendered":"http:\/\/www.datakeeper.es\/?page_id=112"},"modified":"2011-12-23T01:34:26","modified_gmt":"2011-12-23T01:34:26","slug":"virtualizacion","status":"publish","type":"page","link":"https:\/\/www.datakeeper.es\/?page_id=112","title":{"rendered":"Virtualizaci\u00f3n"},"content":{"rendered":"<p><img loading=\"lazy\" decoding=\"async\" class=\"alignleft size-full wp-image-553\" title=\"touchscreen interface\" src=\"http:\/\/www.datakeeper.es\/wp-content\/uploads\/2011\/12\/Fotolia_22355574_XS.jpg\" alt=\"\" width=\"353\" height=\"342\" \/>Los sistemas completamente virtualizados llevan ya varios a\u00f1os siendo una realidad en los sistemas inform\u00e1ticos de las grandes empresas. En la peque\u00f1a y mediana empresa, poco a poco se est\u00e1n abriendo camino, aunque algunas aplicaciones particulares, como la virtualizaci\u00f3n de sesiones por ejemplo, son conocidas y usadas por la mayor\u00eda de empresas de todos los tama\u00f1os y sectores desde hace tiempo.<\/p>\n<p>Data Keeper cuenta con una larga experiencia en el dise\u00f1o,\u00a0 instalaci\u00f3n, puesta en marcha y mantenimiento de sistemas virtualizados de todos\u00a0 los tama\u00f1os y en diversas\u00a0 topolog\u00edas.<\/p>\n<p>Adem\u00e1s los t\u00e9cnicos de Data Keeper poseen un amplio conocimiento y experiencia\u00a0 en el uso de los principales proveedores de virtualizaci\u00f3n que existen (Microsoft,\u00a0 VMWare y citrix), con lo cual pueden adaptar las soluciones a los requisitos\u00a0 particulares de cada situaci\u00f3n.<\/p>\n<p>La lista de aplicaciones del concepto de virtualizaci\u00f3n es\u00a0 enorme, y sus ventajas son innumerables, pero podemos destacar algunas de ellas aplicadas a la peque\u00f1a y mediana empresa:<\/p>\n<p>1.- Rendimiento econ\u00f3mico: una situaci\u00f3n, muy com\u00fan en peque\u00f1as y medianas empresas, es aquella en la que el servidor m\u00e1s peque\u00f1o recomendable para hospedar una determinada funcionalidad excede en mucho las necesidades en t\u00e9rminos de rendimiento para esa funcionalidad, y adem\u00e1s dicha funcionalidad resulta ser incompatible con otros servicios inform\u00e1ticos; en consecuencia tenemos un servidor con un coste considerable totalmente infrautilizado; el uso de varios servidores virtuales distintos sobre un \u00fanico equipo f\u00edsico permite obtener mayor rendimiento de una \u00fanica inversi\u00f3n.<\/p>\n<p>2.- Disponibilidad: las peque\u00f1as y medianas empresas en muchas ocasiones tienen requerimientos de disponibilidad de los servicios inform\u00e1ticos<br \/>\nigual de exigentes que las grandes corporaciones; sin embargo la inversi\u00f3n m\u00ednima en hardware necesaria para dotar a un servicio inform\u00e1tico de alta disponibilidad es muy elevada. Al usar servidores virtualizados se pueden obtener sistemas de alta disponibilidad a costes muy reducidos.<\/p>\n<p>3.- Mantenimiento: el mantenimiento de los equipos virtuales proporciona tiempos de respuesta mucho menores; tambi\u00e9n se reducen los tiempos de parada programada. Otra ventaja es que los servicios se vuelven independientes del hardware, favoreciendo la evoluci\u00f3n de los sistemas.<\/p>\n<p>4.- Seguridad: la implementaci\u00f3n de escritorios controlados, con arquitecturas como por ejemplo VDI, garantizan que la informaci\u00f3n en sus<br \/>\nsistemas est\u00e1 siempre disponible pero a la vez controlada, evitando fugas de informaci\u00f3n.<\/p>\n<p>5.- Recuperaci\u00f3n: los sistemas virtualizados son f\u00e1cilmente recuperables en su totalidad en espacios de tiempo muy cortos y sobre cualquier<br \/>\ntipo de hardware que cumpla con unos requisitos m\u00ednimos.<\/p>\n<p>Seguro que est\u00e1 de acuerdo en que son 5 buenas razones para llamar a Data Keeper y solicitar asesoramiento.<\/p>\n","protected":false},"excerpt":{"rendered":"<p>Los sistemas completamente virtualizados llevan ya varios a\u00f1os siendo una realidad en los sistemas inform\u00e1ticos de las grandes empresas. En la peque\u00f1a y mediana empresa, poco a poco se est\u00e1n abriendo camino, aunque algunas aplicaciones particulares, como la virtualizaci\u00f3n de sesiones por ejemplo, son conocidas y usadas por la mayor\u00eda de empresas de todos los&nbsp;<a href=\"https:\/\/www.datakeeper.es\/?page_id=112\" class=\"read-more\">Continue Reading<\/a><\/p>\n","protected":false},"author":1,"featured_media":0,"parent":0,"menu_order":0,"comment_status":"open","ping_status":"open","template":"","meta":{"_monsterinsights_skip_tracking":false,"_monsterinsights_sitenote_active":false,"_monsterinsights_sitenote_note":"","_monsterinsights_sitenote_category":0,"footnotes":""},"class_list":["post-112","page","type-page","status-publish","hentry"],"_links":{"self":[{"href":"https:\/\/www.datakeeper.es\/index.php?rest_route=\/wp\/v2\/pages\/112","targetHints":{"allow":["GET"]}}],"collection":[{"href":"https:\/\/www.datakeeper.es\/index.php?rest_route=\/wp\/v2\/pages"}],"about":[{"href":"https:\/\/www.datakeeper.es\/index.php?rest_route=\/wp\/v2\/types\/page"}],"author":[{"embeddable":true,"href":"https:\/\/www.datakeeper.es\/index.php?rest_route=\/wp\/v2\/users\/1"}],"replies":[{"embeddable":true,"href":"https:\/\/www.datakeeper.es\/index.php?rest_route=%2Fwp%2Fv2%2Fcomments&post=112"}],"version-history":[{"count":19,"href":"https:\/\/www.datakeeper.es\/index.php?rest_route=\/wp\/v2\/pages\/112\/revisions"}],"predecessor-version":[{"id":141,"href":"https:\/\/www.datakeeper.es\/index.php?rest_route=\/wp\/v2\/pages\/112\/revisions\/141"}],"wp:attachment":[{"href":"https:\/\/www.datakeeper.es\/index.php?rest_route=%2Fwp%2Fv2%2Fmedia&parent=112"}],"curies":[{"name":"wp","href":"https:\/\/api.w.org\/{rel}","templated":true}]}}