{"id":116,"date":"2011-12-01T19:07:59","date_gmt":"2011-12-01T19:07:59","guid":{"rendered":"http:\/\/www.datakeeper.es\/?page_id=116"},"modified":"2011-12-23T02:37:43","modified_gmt":"2011-12-23T02:37:43","slug":"consultoria","status":"publish","type":"page","link":"https:\/\/www.datakeeper.es\/?page_id=116","title":{"rendered":"Consultor\u00eda"},"content":{"rendered":"<p><a href=\"http:\/\/www.datakeeper.es\/wp-content\/uploads\/2011\/12\/iStock_000001603012XSmall.jpg\"><img loading=\"lazy\" decoding=\"async\" class=\"alignleft size-full wp-image-202\" title=\"iStock_000001603012XSmall\" src=\"http:\/\/www.datakeeper.es\/wp-content\/uploads\/2011\/12\/iStock_000001603012XSmall.jpg\" alt=\"\" width=\"366\" height=\"393\" \/><\/a>En Data Keeper tenemos la firme convicci\u00f3n de que un correcto diagn\u00f3stico tecnol\u00f3gico unido a una plan de desarrollo de infraestructuras a medio plazo puede ser la clave del \u00e9xito de una empresa en un entorno tan competitivo como el actual.<\/p>\n<p>Muchas empresas ven interrumpida su fulgurante carrera ascendente al chocar de frente con las limitaciones de sus sistemas de informaci\u00f3n, que no fueron dise\u00f1ados desde el principio para soportar esa carga. Ralentizar la incesante actividad diaria durante varias semanas, o incluso meses, para implantar y adaptarse a un nuevo sistema de informaci\u00f3n adecuado para el nivel de exigencia de una empresa es un ejercicio de contenci\u00f3n muy duro, que no todas las empresas son capaces de hacer.<\/p>\n<p>En el extremo de esta situaci\u00f3n la huida hacia adelante ha llevado a algunas corporaciones a morir de \u00e9xito, al no ser sus sistemas capaces de atender la demanda, con lo cual el servicio al cliente entra en una espiral descendente.<\/p>\n<p>Prepararse para el futuro es la apuesta m\u00e1s inteligente que puede hacer en el presente. Aunque las consultor\u00edas han sido un producto tradicionalmente dif\u00edcil de vender la mentalidad del empresariado se est\u00e1 modernizando y cada vez se valora m\u00e1s la capacidad de planificaci\u00f3n a medio plazo, tambi\u00e9n dentro del mundo de las tecnolog\u00edas de la informaci\u00f3n.<\/p>\n<p>Data Keeper, con m\u00e1s de 30 consultor\u00edas tecnol\u00f3gicas independientes realizadas en los dos \u00faltimos a\u00f1os, pone toda su experiencia y buen hacer en este campo al servicio de las empresas modernas que desean afrontar el futuro s\u00f3lidamente preparadas.<\/p>\n<p>Si desea conocer cu\u00e1les son sus necesidades actuales y a medio plazo en t\u00e9rminos de seguridad, almacenamiento, infraestructuras, pol\u00edticas de trabajo, estructuraci\u00f3n de la informaci\u00f3n&#8230;, y c\u00f3mo afrontarlas con garant\u00edas de \u00e9xito, p\u00f3ngase en nuestras manos. No le defraudaremos.<\/p>\n","protected":false},"excerpt":{"rendered":"<p>En Data Keeper tenemos la firme convicci\u00f3n de que un correcto diagn\u00f3stico tecnol\u00f3gico unido a una plan de desarrollo de infraestructuras a medio plazo puede ser la clave del \u00e9xito de una empresa en un entorno tan competitivo como el actual. Muchas empresas ven interrumpida su fulgurante carrera ascendente al chocar de frente con las&nbsp;<a href=\"https:\/\/www.datakeeper.es\/?page_id=116\" class=\"read-more\">Continue Reading<\/a><\/p>\n","protected":false},"author":1,"featured_media":0,"parent":0,"menu_order":0,"comment_status":"open","ping_status":"open","template":"","meta":{"_monsterinsights_skip_tracking":false,"_monsterinsights_sitenote_active":false,"_monsterinsights_sitenote_note":"","_monsterinsights_sitenote_category":0,"footnotes":""},"class_list":["post-116","page","type-page","status-publish","hentry"],"_links":{"self":[{"href":"https:\/\/www.datakeeper.es\/index.php?rest_route=\/wp\/v2\/pages\/116","targetHints":{"allow":["GET"]}}],"collection":[{"href":"https:\/\/www.datakeeper.es\/index.php?rest_route=\/wp\/v2\/pages"}],"about":[{"href":"https:\/\/www.datakeeper.es\/index.php?rest_route=\/wp\/v2\/types\/page"}],"author":[{"embeddable":true,"href":"https:\/\/www.datakeeper.es\/index.php?rest_route=\/wp\/v2\/users\/1"}],"replies":[{"embeddable":true,"href":"https:\/\/www.datakeeper.es\/index.php?rest_route=%2Fwp%2Fv2%2Fcomments&post=116"}],"version-history":[{"count":19,"href":"https:\/\/www.datakeeper.es\/index.php?rest_route=\/wp\/v2\/pages\/116\/revisions"}],"predecessor-version":[{"id":564,"href":"https:\/\/www.datakeeper.es\/index.php?rest_route=\/wp\/v2\/pages\/116\/revisions\/564"}],"wp:attachment":[{"href":"https:\/\/www.datakeeper.es\/index.php?rest_route=%2Fwp%2Fv2%2Fmedia&parent=116"}],"curies":[{"name":"wp","href":"https:\/\/api.w.org\/{rel}","templated":true}]}}